{"id":13289,"date":"2019-11-26T14:07:01","date_gmt":"2019-11-26T14:07:01","guid":{"rendered":"https:\/\/case-emq.mpbr.dev\/privacy-verklaring\/"},"modified":"2024-07-16T11:40:08","modified_gmt":"2024-07-16T11:40:08","slug":"erklarung-zum-datenschutz","status":"publish","type":"page","link":"https:\/\/case-emq.mpbr.dev\/de\/erklarung-zum-datenschutz\/","title":{"rendered":"Erkl\u00e4rung zum Datenschutz"},"content":{"rendered":"<h2 class=\"title mt-0\">Erkl\u00e4rung zum Datenschutz<\/h2>\n<p>EMQ BV respektiert die Privatsph\u00e4re der Besucher seiner Website, insbesondere die Rechte der Besucher in Bezug auf die automatisierte Verarbeitung personenbezogener Daten. Um unseren Kunden gegen\u00fcber volle Transparenz zu gew\u00e4hrleisten, haben wir daher eine Richtlinie \u00fcber diese Verarbeitungen selbst, ihren Zweck sowie die M\u00f6glichkeiten f\u00fcr die betroffenen Personen, ihre Rechte bestm\u00f6glich auszu\u00fcben, formuliert und umgesetzt.<\/p>\n<p>Alle weiteren Informationen zum Schutz personenbezogener Daten finden Sie auf der Website der Beh\u00f6rde f\u00fcr personenbezogene Daten: <a href=\"https:\/\/autoriteitpersoonsgegevens.nl\/nl\">https:\/\/autoriteitpersoonsgegevens.nl\/nl.<\/a><\/p>\n<p>Solange Sie die Verwendung von Cookies und anderen Tracking-Systemen auf der Website nicht akzeptieren, platzieren wir keine nicht-anonymisierten analytischen Cookies und\/oder Tracking-Cookies auf Ihrem Computer, Mobiltelefon oder Tablet.<\/p>\n<p>Wenn Sie diese Website weiterhin besuchen, akzeptieren Sie die folgenden Nutzungsbedingungen.<\/p>\n<p>Die aktuelle Version der Datenschutzrichtlinie, die auf der Website verf\u00fcgbar ist, ist die einzige Version, die so lange gilt, wie Sie die Website besuchen, bis eine neue Version die aktuelle Version ersetzt.<\/p>\n<h3><strong>Artikel 1 &#8211; Rechtliche Bestimmungen<\/strong><\/h3>\n<ol>\n<li>Website (im Folgenden auch &#8222;Die Website&#8220;): <a href=\"https:\/\/case-emq.mpbr.dev\/\">https:\/\/case-emq.mpbr.dev<\/a><\/li>\n<li>Verantwortlicher f\u00fcr die Verarbeitung personenbezogener Daten (im Folgenden auch &#8222;der Verantwortliche&#8220; genannt): EMQ BV, mit Sitz in Abberdaan 10, 1046 AA Amsterdam, kvk-Nummer: 71107479.<\/li>\n<\/ol>\n<h3><strong>Artikel 2 &#8211; Zugang zur Website<\/strong><\/h3>\n<p>Der Zugang und die Nutzung der Website ist streng pers\u00f6nlich. Sie d\u00fcrfen diese Website und die auf ihr bereitgestellten Daten und Informationen nicht f\u00fcr kommerzielle, politische oder werbliche Zwecke oder f\u00fcr kommerzielle Angebote und insbesondere nicht f\u00fcr unaufgeforderte elektronische Angebote nutzen.<\/p>\n<h3><strong>Artikel 3 &#8211; Der Inhalt der Website<\/strong><\/h3>\n<p>Alle Marken, Bilder, Texte, Kommentare, Illustrationen, (animierten) Bilder, Videobilder, T\u00f6ne sowie alle technischen Anwendungen, die zum Betrieb der Website verwendet werden k\u00f6nnen, und ganz allgemein alle auf dieser Website verwendeten Komponenten sind gesetzlich durch geistige Eigentumsrechte gesch\u00fctzt. Jegliche Vervielf\u00e4ltigung, Wiederholung, Nutzung oder Anpassung, in welcher Form auch immer, ganz oder teilweise, einschlie\u00dflich der technischen Anwendungen, ist ohne vorherige schriftliche Zustimmung des Verantwortlichen strengstens untersagt. Wenn der Administrator nicht sofort gegen einen Versto\u00df vorgeht, kann dies nicht als stillschweigende Zustimmung oder Verzicht auf rechtliche Schritte ausgelegt werden.<\/p>\n<h3><strong>Artikel 4 &#8211; Verwaltung der Website<\/strong><\/h3>\n<p>F\u00fcr die ordnungsgem\u00e4\u00dfe Verwaltung der Website kann der Administrator jederzeit:<\/p>\n<ul>\n<li>den Zugang zur gesamten oder zu Teilen der Website auszusetzen, zu unterbrechen oder auf eine bestimmte Kategorie von Besuchern zu beschr\u00e4nken<\/li>\n<li>alle Informationen zu entfernen, die das Funktionieren der Website beeintr\u00e4chtigen oder gegen nationale oder internationale Gesetze oder die Internet-Etikette versto\u00dfen<\/li>\n<li>die Website vor\u00fcbergehend nicht verf\u00fcgbar zu machen, um Aktualisierungen vorzunehmen<\/li>\n<\/ul>\n<h3><strong>Artikel 5 &#8211; Verantwortlichkeiten<\/strong><\/h3>\n<p>Der Betreiber haftet unter keinen Umst\u00e4nden f\u00fcr Ausf\u00e4lle, Fehlfunktionen, Schwierigkeiten oder Unterbrechungen in der Funktionsweise der Website, die dazu f\u00fchren, dass der Zugriff auf die Website oder eine ihrer Funktionalit\u00e4ten nicht m\u00f6glich ist. Wie Sie sich mit der Website verbinden, liegt in Ihrer eigenen Verantwortung. Es liegt an Ihnen, alle geeigneten Ma\u00dfnahmen zu ergreifen, um Ihre Ger\u00e4te und Ihre Daten unter anderem vor Virenangriffen im Internet zu sch\u00fctzen. Au\u00dferdem sind Sie f\u00fcr die Websites und Daten verantwortlich, auf die Sie im Internet zugreifen.<\/p>\n<p>Der Administrator haftet nicht f\u00fcr rechtliche Schritte, die gegen Sie eingeleitet werden:<\/p>\n<ul>\n<li>aufgrund der Nutzung der Website oder der \u00fcber das Internet zug\u00e4nglichen Dienste<\/li>\n<li>f\u00fcr die Verletzung der Bedingungen dieser Datenschutzrichtlinie<\/li>\n<\/ul>\n<p>Der Betreiber haftet nicht f\u00fcr Sch\u00e4den, die Ihnen selbst, Dritten oder Ihrer Ausr\u00fcstung durch die Verbindung mit oder die Nutzung der Website entstehen. Sie werden von allen Ma\u00dfnahmen absehen, die sich daraus f\u00fcr den Administrator ergeben.<\/p>\n<p>Wenn der Betreiber aufgrund Ihrer Nutzung dieser Website in einen Rechtsstreit verwickelt wird, hat er das Recht, alle Sch\u00e4den, die er erlitten hat und erleiden wird, von Ihnen zur\u00fcckzufordern.<\/p>\n<h3><strong>Artikel 6 &#8211; Erhebung von Daten<\/strong><\/h3>\n<p>Ihre Daten werden von EMQ BV gesammelt. Personenbezogene Daten sind alle Informationen, die sich auf eine identifizierte oder identifizierbare nat\u00fcrliche Person beziehen; als identifizierbar wird eine nat\u00fcrliche Person angesehen, die direkt oder indirekt identifiziert werden kann, insbesondere durch Zuordnung zu einer Kennung wie einem Namen, zu einer Kennnummer, zu Standortdaten, zu einer Online-Kennung oder zu einem oder mehreren Elementen, die Ausdruck der physischen, physiologischen, genetischen, psychischen, wirtschaftlichen, kulturellen oder sozialen Identit\u00e4t sind.<\/p>\n<p>Die auf der Website erhobenen personenbezogenen Daten werden vom Betreiber haupts\u00e4chlich zur Pflege der Beziehungen zu Ihnen und ggf. zur Bearbeitung Ihrer Bestellungen verwendet.<\/p>\n<h3><strong>Artikel 7 &#8211; Ihre Rechte in Bezug auf Ihre Daten<\/strong><\/h3>\n<p>Gem\u00e4\u00df Artikel 13 Absatz 2 Buchstabe b AVG hat jede Person das Recht auf Auskunft, Berichtigung oder L\u00f6schung ihrer personenbezogenen Daten oder auf Einschr\u00e4nkung der Verarbeitung, die sie betrifft, sowie das Recht auf Widerspruch gegen die Verarbeitung und das Recht auf Daten\u00fcbertragbarkeit. Sie k\u00f6nnen diese Rechte aus\u00fcben, indem Sie uns unter info@case-emq.mpbr.dev kontaktieren.<\/p>\n<p>Einem solchen Antrag sollte die Kopie eines g\u00fcltigen Ausweises beigef\u00fcgt werden, auf dem Sie Ihre Unterschrift geleistet haben und auf dem die Adresse angegeben ist, unter der Sie kontaktiert werden k\u00f6nnen. Innerhalb von 1 Monat nach Einreichung des Antrags erhalten Sie eine Antwort auf Ihren Antrag. Je nach der Komplexit\u00e4t der Antr\u00e4ge und der Anzahl der Antr\u00e4ge kann diese Frist gegebenenfalls um 2 Monate verl\u00e4ngert werden.<\/p>\n<h3><strong>Artikel 8 &#8211; Verarbeitung von personenbezogenen Daten<\/strong><\/h3>\n<p>Im Falle eines Versto\u00dfes gegen Gesetze oder Vorschriften, dessen der Besucher verd\u00e4chtigt wird und f\u00fcr den die Beh\u00f6rden die vom Administrator gesammelten personenbezogenen Daten ben\u00f6tigen, werden diese nach einer ausdr\u00fccklichen und begr\u00fcndeten Aufforderung durch diese Beh\u00f6rden zur Verf\u00fcgung gestellt, wonach diese personenbezogenen Daten dann nicht mehr unter den Schutz der Bestimmungen dieser Datenschutzerkl\u00e4rung fallen.<\/p>\n<p>Wenn bestimmte Informationen erforderlich sind, um auf bestimmte Funktionen der Website zuzugreifen, weist die verantwortliche Partei bei der Abfrage der Daten auf den obligatorischen Charakter dieser Informationen hin.<\/p>\n<h3><strong>Artikel 9 &#8211; Kommerzielle Angebote<\/strong><\/h3>\n<p>Sie k\u00f6nnen kommerzielle Angebote vom Administrator erhalten. Wenn Sie diese nicht (mehr) erhalten m\u00f6chten, senden Sie bitte eine E-Mail an die folgende Adresse: info@case-emq.mpbr.dev.<\/p>\n<p>Wenn Sie w\u00e4hrend Ihres Besuchs auf der Website auf personenbezogene Daten sto\u00dfen, m\u00fcssen Sie das Sammeln dieser Daten oder jede andere unbefugte Nutzung sowie jede Handlung, die die Privatsph\u00e4re dieser Person(en) verletzt, unterlassen. Unter keinen Umst\u00e4nden ist der Administrator in den oben genannten Situationen verantwortlich.<\/p>\n<h3><strong>Artikel 10 &#8211; Aufbewahrungsfrist f\u00fcr Daten<\/strong><\/h3>\n<p>Die vom Betreiber der Website erhobenen Daten werden f\u00fcr die gesetzlich vorgeschriebene Dauer verwendet und gespeichert.<\/p>\n<h3><strong>Artikel 11 &#8211; Cookies<\/strong><\/h3>\n<ol>\n<li>Ein Cookie ist eine kleine Textdatei, die auf der Festplatte Ihres Computers gespeichert wird, wenn Sie unsere Website besuchen. Ein Cookie enth\u00e4lt Daten, damit Sie bei jedem Besuch unserer Website als Besucher erkannt werden k\u00f6nnen. Es ist dann m\u00f6glich, unsere Website speziell f\u00fcr Sie einzurichten und Ihnen das Einloggen zu erleichtern. Wenn Sie unsere Website besuchen, wird ein Banner angezeigt, das Sie \u00fcber die Verwendung von Cookies informiert. Indem Sie unsere Website weiter nutzen, akzeptieren Sie deren Verwendung. Ihre Zustimmung ist f\u00fcr einen Zeitraum von 13 Monaten g\u00fcltig.<\/li>\n<li>Wir verwenden die folgenden Arten von Cookies auf unserer Website:<br \/>\n&#8211; Funktionale Cookies: wie z.B. Session- und Login-Cookies zur Verfolgung von Session- und Login-Informationen.<br \/>\n&#8211; Anonymisierte analytische Cookies: um einen Einblick in die Besuche auf unserer Website zu erhalten, basierend auf Informationen \u00fcber Besucherzahlen, beliebte Seiten und Themen. So k\u00f6nnen wir die Kommunikation und das Informationsangebot besser auf die Bed\u00fcrfnisse der Besucher unserer Website abstimmen. Wir k\u00f6nnen nicht sehen, wer unsere Websites besucht oder von welchem PC aus der Besuch erfolgt.<br \/>\n&#8211; Nicht-anonymisierte analytische Cookies: um Einblicke in die Besuche auf unserer Website zu erhalten, basierend auf Informationen \u00fcber Besucherzahlen, beliebte Seiten und Themen. So k\u00f6nnen wir die Kommunikation und das Informationsangebot besser auf die Bed\u00fcrfnisse der Besucher unserer Website abstimmen.<br \/>\n&#8211; Tracking-Cookies: wie z.B. Werbe-Cookies, die dazu dienen, relevante Werbung anzuzeigen. Aus den Informationen \u00fcber besuchte Websites lassen sich pers\u00f6nliche Interessen ableiten. So k\u00f6nnen Unternehmen ihren Website-Besuchern zum Beispiel gezielte Werbung zeigen. Tracking-Cookies erm\u00f6glichen es, Profile von Personen zu erstellen und sie unterschiedlich zu behandeln. Tracking-Cookies verarbeiten in der Regel personenbezogene Daten.<\/li>\n<li>Im Einzelnen verwenden wir die folgenden Cookies:<br \/>\n&#8211; Google Analytics anonymisiert (analytische Cookies)<br \/>\n&#8211; Google Analytics (analytischer Cookie)<br \/>\n&#8211; Facebook (Tracking-Cookie)<br \/>\n&#8211; Google Adwords (Tracking-Cookie)<\/li>\n<li>Wenn Sie unsere Website besuchen, k\u00f6nnen Cookies, die von dem Controller und\/oder Dritten stammen, auf Ihrem Ger\u00e4t installiert werden.<\/li>\n<li>Weitere Informationen zur Verwendung, Verwaltung und L\u00f6schung von Cookies f\u00fcr die einzelnen Betriebssystemtypen finden Sie unter folgendem Link: <a href=\"https:\/\/autoriteitpersoonsgegevens.nl\/nl\/onderwerpen\/internet-telefoon-tv-en-post\/cookies#faq\">https:\/\/autoriteitpersoonsgegevens.nl\/nl\/onderwerpen\/internet-telefoon-tv-en-post\/cookies#faq<\/a><\/li>\n<\/ol>\n<h3><strong>Artikel 12 &#8211; Bildmaterial und angebotene Produkte<br \/>\n<\/strong><\/h3>\n<p>Aus den Bildern, die zu den auf der Website angebotenen Produkten geh\u00f6ren, k\u00f6nnen keine Rechte abgeleitet werden.<\/p>\n<h3><strong>Artikel 13 &#8211; Anwendbares Recht<\/strong><\/h3>\n<p>Diese Bedingungen unterliegen dem niederl\u00e4ndischen Recht. F\u00fcr alle Streitigkeiten im Zusammenhang mit diesen Bedingungen ist ausschlie\u00dflich das Gericht des Wohnsitzes des Verwalters zust\u00e4ndig, es sei denn, es gilt eine gesetzliche Ausnahme.<\/p>\n<h3><strong>Artikel 14 &#8211; Kontakt<\/strong><\/h3>\n<p>F\u00fcr Fragen, Produktinformationen oder Informationen \u00fcber die Website selbst, wenden Sie sich bitte an: EMQ Back Office, info@case-emq.mpbr.dev, 020 411 0456.<\/p>\n<script language='javascript' type='text\/javascript'>function getWR360PopupSkin(){return 'light_clean';}<\/script>","protected":false},"excerpt":{"rendered":"<p>Erkl\u00e4rung zum Datenschutz EMQ BV respektiert die Privatsph\u00e4re der Besucher seiner Website, insbesondere die Rechte der Besucher in Bezug auf die automatisierte Verarbeitung personenbezogener Daten. Um unseren Kunden gegen\u00fcber volle&#8230;<\/p>\n","protected":false},"author":1,"featured_media":0,"parent":0,"menu_order":0,"comment_status":"closed","ping_status":"closed","template":"","meta":{"footnotes":""},"class_list":["post-13289","page","type-page","status-publish"],"yoast_head":"<!-- This site is optimized with the Yoast SEO plugin v27.3 - https:\/\/yoast.com\/product\/yoast-seo-wordpress\/ -->\n<title>Erkl\u00e4rung zum Datenschutz - EMQ<\/title>\n<meta name=\"robots\" content=\"noindex, follow, max-snippet:-1, max-image-preview:large, max-video-preview:-1\" \/>\n<meta property=\"og:locale\" content=\"de_DE\" \/>\n<meta property=\"og:type\" content=\"article\" \/>\n<meta property=\"og:title\" content=\"Erkl\u00e4rung zum Datenschutz - EMQ\" \/>\n<meta property=\"og:description\" content=\"Erkl\u00e4rung zum Datenschutz EMQ BV respektiert die Privatsph\u00e4re der Besucher seiner Website, insbesondere die Rechte der Besucher in Bezug auf die automatisierte Verarbeitung personenbezogener Daten. Um unseren Kunden gegen\u00fcber volle...\" \/>\n<meta property=\"og:url\" content=\"https:\/\/case-emq.mpbr.dev\/de\/erklarung-zum-datenschutz\/\" \/>\n<meta property=\"og:site_name\" content=\"EMQ\" \/>\n<meta property=\"article:modified_time\" content=\"2024-07-16T11:40:08+00:00\" \/>\n<meta name=\"twitter:card\" content=\"summary_large_image\" \/>\n<meta name=\"twitter:label1\" content=\"Gesch\u00e4tzte Lesezeit\" \/>\n\t<meta name=\"twitter:data1\" content=\"8\u00a0Minuten\" \/>\n<script type=\"application\/ld+json\" class=\"yoast-schema-graph\">{\"@context\":\"https:\\\/\\\/schema.org\",\"@graph\":[{\"@type\":\"WebPage\",\"@id\":\"https:\\\/\\\/case-emq.mpbr.dev\\\/de\\\/erklarung-zum-datenschutz\\\/\",\"url\":\"https:\\\/\\\/case-emq.mpbr.dev\\\/de\\\/erklarung-zum-datenschutz\\\/\",\"name\":\"Erkl\u00e4rung zum Datenschutz - EMQ\",\"isPartOf\":{\"@id\":\"https:\\\/\\\/case-emq.mpbr.dev\\\/#website\"},\"datePublished\":\"2019-11-26T14:07:01+00:00\",\"dateModified\":\"2024-07-16T11:40:08+00:00\",\"breadcrumb\":{\"@id\":\"https:\\\/\\\/case-emq.mpbr.dev\\\/de\\\/erklarung-zum-datenschutz\\\/#breadcrumb\"},\"inLanguage\":\"de\",\"potentialAction\":[{\"@type\":\"ReadAction\",\"target\":[\"https:\\\/\\\/case-emq.mpbr.dev\\\/de\\\/erklarung-zum-datenschutz\\\/\"]}]},{\"@type\":\"BreadcrumbList\",\"@id\":\"https:\\\/\\\/case-emq.mpbr.dev\\\/de\\\/erklarung-zum-datenschutz\\\/#breadcrumb\",\"itemListElement\":[{\"@type\":\"ListItem\",\"position\":1,\"name\":\"Home\",\"item\":\"https:\\\/\\\/case-emq.mpbr.dev\\\/de\\\/\"},{\"@type\":\"ListItem\",\"position\":2,\"name\":\"Erkl\u00e4rung zum Datenschutz\"}]},{\"@type\":\"WebSite\",\"@id\":\"https:\\\/\\\/case-emq.mpbr.dev\\\/#website\",\"url\":\"https:\\\/\\\/case-emq.mpbr.dev\\\/\",\"name\":\"EMQ\",\"description\":\"\",\"publisher\":{\"@id\":\"https:\\\/\\\/case-emq.mpbr.dev\\\/#organization\"},\"potentialAction\":[{\"@type\":\"SearchAction\",\"target\":{\"@type\":\"EntryPoint\",\"urlTemplate\":\"https:\\\/\\\/case-emq.mpbr.dev\\\/?s={search_term_string}\"},\"query-input\":{\"@type\":\"PropertyValueSpecification\",\"valueRequired\":true,\"valueName\":\"search_term_string\"}}],\"inLanguage\":\"de\"},{\"@type\":\"Organization\",\"@id\":\"https:\\\/\\\/case-emq.mpbr.dev\\\/#organization\",\"name\":\"EMQ\",\"url\":\"https:\\\/\\\/case-emq.mpbr.dev\\\/\",\"logo\":{\"@type\":\"ImageObject\",\"inLanguage\":\"de\",\"@id\":\"https:\\\/\\\/case-emq.mpbr.dev\\\/#\\\/schema\\\/logo\\\/image\\\/\",\"url\":\"https:\\\/\\\/case-emq.mpbr.dev\\\/wp-content\\\/uploads\\\/2020\\\/09\\\/emq-logo-1.png\",\"contentUrl\":\"https:\\\/\\\/case-emq.mpbr.dev\\\/wp-content\\\/uploads\\\/2020\\\/09\\\/emq-logo-1.png\",\"width\":331,\"height\":132,\"caption\":\"EMQ\"},\"image\":{\"@id\":\"https:\\\/\\\/case-emq.mpbr.dev\\\/#\\\/schema\\\/logo\\\/image\\\/\"}}]}<\/script>\n<!-- \/ Yoast SEO plugin. -->","yoast_head_json":{"title":"Erkl\u00e4rung zum Datenschutz - EMQ","robots":{"index":"noindex","follow":"follow","max-snippet":"max-snippet:-1","max-image-preview":"max-image-preview:large","max-video-preview":"max-video-preview:-1"},"og_locale":"de_DE","og_type":"article","og_title":"Erkl\u00e4rung zum Datenschutz - EMQ","og_description":"Erkl\u00e4rung zum Datenschutz EMQ BV respektiert die Privatsph\u00e4re der Besucher seiner Website, insbesondere die Rechte der Besucher in Bezug auf die automatisierte Verarbeitung personenbezogener Daten. Um unseren Kunden gegen\u00fcber volle...","og_url":"https:\/\/case-emq.mpbr.dev\/de\/erklarung-zum-datenschutz\/","og_site_name":"EMQ","article_modified_time":"2024-07-16T11:40:08+00:00","twitter_card":"summary_large_image","twitter_misc":{"Gesch\u00e4tzte Lesezeit":"8\u00a0Minuten"},"schema":{"@context":"https:\/\/schema.org","@graph":[{"@type":"WebPage","@id":"https:\/\/case-emq.mpbr.dev\/de\/erklarung-zum-datenschutz\/","url":"https:\/\/case-emq.mpbr.dev\/de\/erklarung-zum-datenschutz\/","name":"Erkl\u00e4rung zum Datenschutz - EMQ","isPartOf":{"@id":"https:\/\/case-emq.mpbr.dev\/#website"},"datePublished":"2019-11-26T14:07:01+00:00","dateModified":"2024-07-16T11:40:08+00:00","breadcrumb":{"@id":"https:\/\/case-emq.mpbr.dev\/de\/erklarung-zum-datenschutz\/#breadcrumb"},"inLanguage":"de","potentialAction":[{"@type":"ReadAction","target":["https:\/\/case-emq.mpbr.dev\/de\/erklarung-zum-datenschutz\/"]}]},{"@type":"BreadcrumbList","@id":"https:\/\/case-emq.mpbr.dev\/de\/erklarung-zum-datenschutz\/#breadcrumb","itemListElement":[{"@type":"ListItem","position":1,"name":"Home","item":"https:\/\/case-emq.mpbr.dev\/de\/"},{"@type":"ListItem","position":2,"name":"Erkl\u00e4rung zum Datenschutz"}]},{"@type":"WebSite","@id":"https:\/\/case-emq.mpbr.dev\/#website","url":"https:\/\/case-emq.mpbr.dev\/","name":"EMQ","description":"","publisher":{"@id":"https:\/\/case-emq.mpbr.dev\/#organization"},"potentialAction":[{"@type":"SearchAction","target":{"@type":"EntryPoint","urlTemplate":"https:\/\/case-emq.mpbr.dev\/?s={search_term_string}"},"query-input":{"@type":"PropertyValueSpecification","valueRequired":true,"valueName":"search_term_string"}}],"inLanguage":"de"},{"@type":"Organization","@id":"https:\/\/case-emq.mpbr.dev\/#organization","name":"EMQ","url":"https:\/\/case-emq.mpbr.dev\/","logo":{"@type":"ImageObject","inLanguage":"de","@id":"https:\/\/case-emq.mpbr.dev\/#\/schema\/logo\/image\/","url":"https:\/\/case-emq.mpbr.dev\/wp-content\/uploads\/2020\/09\/emq-logo-1.png","contentUrl":"https:\/\/case-emq.mpbr.dev\/wp-content\/uploads\/2020\/09\/emq-logo-1.png","width":331,"height":132,"caption":"EMQ"},"image":{"@id":"https:\/\/case-emq.mpbr.dev\/#\/schema\/logo\/image\/"}}]}},"_links":{"self":[{"href":"https:\/\/case-emq.mpbr.dev\/de\/wp-json\/wp\/v2\/pages\/13289","targetHints":{"allow":["GET"]}}],"collection":[{"href":"https:\/\/case-emq.mpbr.dev\/de\/wp-json\/wp\/v2\/pages"}],"about":[{"href":"https:\/\/case-emq.mpbr.dev\/de\/wp-json\/wp\/v2\/types\/page"}],"author":[{"embeddable":true,"href":"https:\/\/case-emq.mpbr.dev\/de\/wp-json\/wp\/v2\/users\/1"}],"replies":[{"embeddable":true,"href":"https:\/\/case-emq.mpbr.dev\/de\/wp-json\/wp\/v2\/comments?post=13289"}],"version-history":[{"count":3,"href":"https:\/\/case-emq.mpbr.dev\/de\/wp-json\/wp\/v2\/pages\/13289\/revisions"}],"predecessor-version":[{"id":13759,"href":"https:\/\/case-emq.mpbr.dev\/de\/wp-json\/wp\/v2\/pages\/13289\/revisions\/13759"}],"wp:attachment":[{"href":"https:\/\/case-emq.mpbr.dev\/de\/wp-json\/wp\/v2\/media?parent=13289"}],"curies":[{"name":"wp","href":"https:\/\/api.w.org\/{rel}","templated":true}]}}