{"id":15912,"date":"2025-02-12T14:42:28","date_gmt":"2025-02-12T13:42:28","guid":{"rendered":"https:\/\/case-emq.mpbr.dev\/evenementen\/"},"modified":"2025-07-09T15:28:51","modified_gmt":"2025-07-09T13:28:51","slug":"evenementen","status":"publish","type":"page","link":"https:\/\/case-emq.mpbr.dev\/de\/evenementen\/","title":{"rendered":"Ereignisse"},"content":{"rendered":"[vc_row type=&#8220;full_width_background&#8220; full_screen_row_position=&#8220;middle&#8220; column_margin=&#8220;default&#8220; equal_height=&#8220;yes&#8220; column_direction=&#8220;default&#8220; column_direction_tablet=&#8220;default&#8220; column_direction_phone=&#8220;default&#8220; bg_image=&#8220;15280&#8243; bg_position=&#8220;center center&#8220; background_image_loading=&#8220;default&#8220; bg_repeat=&#8220;no-repeat&#8220; full_height=&#8220;yes&#8220; scene_position=&#8220;center&#8220; text_color=&#8220;light&#8220; text_align=&#8220;left&#8220; row_border_radius=&#8220;none&#8220; row_border_radius_applies=&#8220;bg&#8220; overflow=&#8220;visible&#8220; enable_gradient=&#8220;true&#8220; color_overlay=&#8220;#141414&#8243; overlay_strength=&#8220;0.8&#8243; gradient_direction=&#8220;left_to_right&#8220; shape_divider_position=&#8220;bottom&#8220; bg_image_animation=&#8220;none&#8220; gradient_type=&#8220;default&#8220; shape_type=&#8220;&#8220;][vc_column column_padding=&#8220;no-extra-padding&#8220; column_padding_tablet=&#8220;inherit&#8220; column_padding_phone=&#8220;inherit&#8220; column_padding_position=&#8220;all&#8220; column_element_direction_desktop=&#8220;default&#8220; column_element_spacing=&#8220;default&#8220; desktop_text_alignment=&#8220;default&#8220; tablet_text_alignment=&#8220;default&#8220; phone_text_alignment=&#8220;default&#8220; background_color_opacity=&#8220;1&#8243; background_hover_color_opacity=&#8220;1&#8243; column_backdrop_filter=&#8220;none&#8220; column_shadow=&#8220;none&#8220; column_border_radius=&#8220;none&#8220; column_link_target=&#8220;_self&#8220; column_position=&#8220;default&#8220; gradient_direction=&#8220;left_to_right&#8220; overlay_strength=&#8220;0.3&#8243; width=&#8220;1\/1&#8243; tablet_width_inherit=&#8220;default&#8220; animation_type=&#8220;default&#8220; bg_image_animation=&#8220;none&#8220; border_type=&#8220;simple&#8220; column_border_width=&#8220;none&#8220; column_border_style=&#8220;solid&#8220;][vc_custom_heading text=&#8220;VERANSTALTUNGEN 2025&#8243; font_container=&#8220;tag:h1|text_align:left&#8220; use_theme_fonts=&#8220;yes&#8220;][vc_custom_heading text=&#8220;Messekalender&#8220; font_container=&#8220;tag:h2|font_size:24|text_align:left|color:%23ffffff&#8220; use_theme_fonts=&#8220;yes&#8220;][\/vc_column][\/vc_row][vc_row type=&#8220;in_container&#8220; full_screen_row_position=&#8220;middle&#8220; column_margin=&#8220;default&#8220; column_direction=&#8220;default&#8220; column_direction_tablet=&#8220;default&#8220; column_direction_phone=&#8220;default&#8220; scene_position=&#8220;center&#8220; text_color=&#8220;dark&#8220; text_align=&#8220;left&#8220; row_border_radius=&#8220;none&#8220; row_border_radius_applies=&#8220;bg&#8220; overflow=&#8220;visible&#8220; overlay_strength=&#8220;0.3&#8243; gradient_direction=&#8220;left_to_right&#8220; shape_divider_position=&#8220;bottom&#8220; bg_image_animation=&#8220;none&#8220;][vc_column column_padding=&#8220;no-extra-padding&#8220; column_padding_tablet=&#8220;inherit&#8220; column_padding_phone=&#8220;inherit&#8220; column_padding_position=&#8220;all&#8220; column_element_direction_desktop=&#8220;default&#8220; column_element_spacing=&#8220;default&#8220; desktop_text_alignment=&#8220;default&#8220; tablet_text_alignment=&#8220;default&#8220; phone_text_alignment=&#8220;default&#8220; background_color_opacity=&#8220;1&#8243; background_hover_color_opacity=&#8220;1&#8243; column_backdrop_filter=&#8220;none&#8220; column_shadow=&#8220;none&#8220; column_border_radius=&#8220;none&#8220; column_link_target=&#8220;_self&#8220; column_position=&#8220;default&#8220; gradient_direction=&#8220;left_to_right&#8220; overlay_strength=&#8220;0.3&#8243; width=&#8220;1\/1&#8243; tablet_width_inherit=&#8220;default&#8220; animation_type=&#8220;default&#8220; bg_image_animation=&#8220;none&#8220; border_type=&#8220;simple&#8220; column_border_width=&#8220;none&#8220; column_border_style=&#8220;solid&#8220;][divider line_type=&#8220;No Line&#8220; custom_height=&#8220;50&#8243;][vc_custom_heading text=&#8220;Entdecken Sie EMQ auf den folgenden Messen und Veranstaltungen im Jahr 2025&#8243; font_container=&#8220;tag:h2|text_align:left|color:%2318a09c&#8220; use_theme_fonts=&#8220;yes&#8220;][divider line_type=&#8220;No Line&#8220; custom_height=&#8220;30&#8243;][vc_column_text text_direction=&#8220;default&#8220;]Entdecken Sie EMQ auf den folgenden Messen und Veranstaltungen im Jahr 2025.<\/p>\n<p>Im Jahr 2025 werden wir auf den wichtigsten Fahrrad-, Wohnmobil- und Caravan-Messen vertreten sein, um Ihnen das\u00a0<strong>EMQ Faltrad<\/strong>\u00a0vorzustellen\u00a0<strong>\u2013 das leichteste elektrische Faltrad der Niederlande!<\/strong>\u00a0Erleben Sie selbst, wie Fahrkomfort, leichtes Tragen, schnelles Zusammen- und Auffalten und die praktische Gr\u00f6\u00dfe in diesem einzigartigen E-Bike zusammenkommen. Ob Sie nun Stadtbewohner, Pendler, Rentner, Camper oder Wassersportler sind, das\u00a0<strong>EMQ-Faltrad<\/strong>\u00a0bietet Ihnen ultimative Mobilit\u00e4t.<\/p>\n<p>\ud83d\udd0b\u00a0<strong>Ultraleicht &amp; elektrisch<\/strong>\u00a0\u2013 Perfekt f\u00fcr Camping, im Wohnmobil oder an Bord Ihres Bootes.<br \/>\n\ud83d\udeb2\u00a0<strong>Kompakt &amp; schnell zusammenfaltbar<\/strong>\u00a0\u2013 Nehmen Sie es \u00fcberall mit hin.<br \/>\n\u26a1\u00a0<strong>Kraftvolle Unterst\u00fctzung<\/strong>\u00a0\u2013 F\u00fcr m\u00fcheloses Fahrvergn\u00fcgen, wohin Sie auch gehen.<\/p>\n<p>\ud83d\udd25\u00a0<strong>Kommen Sie vorbei und testen Sie das EMQ-Faltrad selbst!<\/strong><br \/>\nBesuchen Sie unseren Stand und erleben Sie das leichteste elektrische Faltrad der Niederlande in Aktion. Unsere Experten beantworten alle Ihre Fragen und zeigen Ihnen, warum das\u00a0<strong>EMQ-Faltrad<\/strong>\u00a0das Must-Have f\u00fcr 2025 ist.<\/p>\n<p>\ud83e\udd1d\u00a0<strong>Sind Sie H\u00e4ndler?<\/strong><br \/>\nM\u00f6chten Sie das\u00a0<strong>EMQ-Faltrad<\/strong>\u00a0auf Ihrer eigenen Veranstaltung bewerben oder ben\u00f6tigen Sie Unterst\u00fctzung bei einer Messe? Nehmen Sie Kontakt mit uns auf! Wir helfen Ihnen gerne mit Rat, Werbematerial und Unterst\u00fctzung, um Ihre Veranstaltung gemeinsam zu einem Erfolg zu machen.<\/p>\n<p>\ud83d\udccd\u00a0<strong>Wo Sie uns finden<\/strong><br \/>\n\u00dcberpr\u00fcfen Sie die Liste der Messen und Veranstaltungen, auf denen wir 2025 vertreten sein werden, und planen Sie Ihren Besuch!<\/p>\n<table width=\"645\">\n<tbody>\n<tr>\n<td width=\"123\">Land<\/td>\n<td width=\"210\">Messe<\/td>\n<td width=\"94\">Standort<\/td>\n<td width=\"94\">Von<\/td>\n<td width=\"124\">Ende<\/td>\n<\/tr>\n<tr>\n<td>Belgien<\/td>\n<td>Velofollies<\/td>\n<td>Kortrijk<\/td>\n<td>17-1-2025<\/td>\n<td>19-1-2025<\/td>\n<\/tr>\n<tr>\n<td>Niederlande<\/td>\n<td>Caravana<\/td>\n<td>Leeuwarden<\/td>\n<td>29-1-2025<\/td>\n<td>2-2-2025<\/td>\n<\/tr>\n<tr>\n<td>Belgien<\/td>\n<td>Fahrradausstellung und Wohnmobilausstellung<\/td>\n<td>Antwerpen<\/td>\n<td>22-2-2025<\/td>\n<td>23-2-2025<\/td>\n<\/tr>\n<tr>\n<td>Niederlande<\/td>\n<td>CamperExpo<\/td>\n<td>Houten<\/td>\n<td>14-3-2025<\/td>\n<td>16-3-2025<\/td>\n<\/tr>\n<tr>\n<td><\/td>\n<td><\/td>\n<td><\/td>\n<td><\/td>\n<td><\/td>\n<\/tr>\n<tr>\n<td>Niederlande<\/td>\n<td>Reisemobil-Messe<\/td>\n<td>Hardenberg<\/td>\n<td>19-9-2025<\/td>\n<td>21-9-2025<\/td>\n<\/tr>\n<tr>\n<td>Niederlande<\/td>\n<td>Ausstellung f\u00fcr Camping &amp; Caravaning<\/td>\n<td>Utrecht<\/td>\n<td>1-10-2025<\/td>\n<td>5-10-2025<\/td>\n<\/tr>\n<tr>\n<td>Belgien<\/td>\n<td>Motorhome Salon<\/td>\n<td>Gent<\/td>\n<td>18-10-2025<\/td>\n<td>19-10-2025<\/td>\n<\/tr>\n<\/tbody>\n<\/table>\n<p>\ud83d\udce9\u00a0<strong>M\u00f6chten Sie mehr erfahren? Kontaktieren Sie uns f\u00fcr einen Termin oder weitere Informationen.<\/strong><\/p>\n<p>Wir freuen uns darauf, Sie kennenzulernen! \ud83d\udeb2\u26a1[\/vc_column_text][\/vc_column][\/vc_row]\n<script language='javascript' type='text\/javascript'>function getWR360PopupSkin(){return 'light_clean';}<\/script>","protected":false},"excerpt":{"rendered":"<p>[vc_row type=&#8220;full_width_background&#8220; full_screen_row_position=&#8220;middle&#8220; column_margin=&#8220;default&#8220; equal_height=&#8220;yes&#8220; column_direction=&#8220;default&#8220; column_direction_tablet=&#8220;default&#8220; column_direction_phone=&#8220;default&#8220; bg_image=&#8220;15280&#8243; bg_position=&#8220;center center&#8220; background_image_loading=&#8220;default&#8220; bg_repeat=&#8220;no-repeat&#8220; full_height=&#8220;yes&#8220; scene_position=&#8220;center&#8220; text_color=&#8220;light&#8220; text_align=&#8220;left&#8220; row_border_radius=&#8220;none&#8220; row_border_radius_applies=&#8220;bg&#8220; overflow=&#8220;visible&#8220; enable_gradient=&#8220;true&#8220; color_overlay=&#8220;#141414&#8243; overlay_strength=&#8220;0.8&#8243; gradient_direction=&#8220;left_to_right&#8220; shape_divider_position=&#8220;bottom&#8220; bg_image_animation=&#8220;none&#8220; gradient_type=&#8220;default&#8220; shape_type=&#8220;&#8220;][vc_column column_padding=&#8220;no-extra-padding&#8220; column_padding_tablet=&#8220;inherit&#8220;&#8230;<\/p>\n","protected":false},"author":1,"featured_media":0,"parent":0,"menu_order":0,"comment_status":"closed","ping_status":"closed","template":"","meta":{"footnotes":""},"class_list":["post-15912","page","type-page","status-publish"],"yoast_head":"<!-- This site is optimized with the Yoast SEO plugin v27.3 - https:\/\/yoast.com\/product\/yoast-seo-wordpress\/ -->\n<title>Ereignisse - EMQ<\/title>\n<meta name=\"robots\" content=\"noindex, follow, max-snippet:-1, max-image-preview:large, max-video-preview:-1\" \/>\n<meta property=\"og:locale\" content=\"de_DE\" \/>\n<meta property=\"og:type\" content=\"article\" \/>\n<meta property=\"og:title\" content=\"Ereignisse - EMQ\" \/>\n<meta property=\"og:description\" content=\"[vc_row type=&#8220;full_width_background&#8220; full_screen_row_position=&#8220;middle&#8220; column_margin=&#8220;default&#8220; equal_height=&#8220;yes&#8220; column_direction=&#8220;default&#8220; column_direction_tablet=&#8220;default&#8220; column_direction_phone=&#8220;default&#8220; bg_image=&#8220;15280&#8243; bg_position=&#8220;center center&#8220; background_image_loading=&#8220;default&#8220; bg_repeat=&#8220;no-repeat&#8220; full_height=&#8220;yes&#8220; scene_position=&#8220;center&#8220; text_color=&#8220;light&#8220; text_align=&#8220;left&#8220; row_border_radius=&#8220;none&#8220; row_border_radius_applies=&#8220;bg&#8220; overflow=&#8220;visible&#8220; enable_gradient=&#8220;true&#8220; color_overlay=&#8220;#141414&#8243; overlay_strength=&#8220;0.8&#8243; gradient_direction=&#8220;left_to_right&#8220; shape_divider_position=&#8220;bottom&#8220; bg_image_animation=&#8220;none&#8220; gradient_type=&#8220;default&#8220; shape_type=&#8220;&#8220;][vc_column column_padding=&#8220;no-extra-padding&#8220; column_padding_tablet=&#8220;inherit&#8220;...\" \/>\n<meta property=\"og:url\" content=\"https:\/\/case-emq.mpbr.dev\/de\/evenementen\/\" \/>\n<meta property=\"og:site_name\" content=\"EMQ\" \/>\n<meta property=\"article:modified_time\" content=\"2025-07-09T13:28:51+00:00\" \/>\n<meta name=\"twitter:card\" content=\"summary_large_image\" \/>\n<meta name=\"twitter:label1\" content=\"Gesch\u00e4tzte Lesezeit\" \/>\n\t<meta name=\"twitter:data1\" content=\"3\u00a0Minuten\" \/>\n<script type=\"application\/ld+json\" class=\"yoast-schema-graph\">{\"@context\":\"https:\\\/\\\/schema.org\",\"@graph\":[{\"@type\":\"WebPage\",\"@id\":\"https:\\\/\\\/case-emq.mpbr.dev\\\/de\\\/evenementen\\\/\",\"url\":\"https:\\\/\\\/case-emq.mpbr.dev\\\/de\\\/evenementen\\\/\",\"name\":\"Ereignisse - EMQ\",\"isPartOf\":{\"@id\":\"https:\\\/\\\/case-emq.mpbr.dev\\\/#website\"},\"datePublished\":\"2025-02-12T13:42:28+00:00\",\"dateModified\":\"2025-07-09T13:28:51+00:00\",\"breadcrumb\":{\"@id\":\"https:\\\/\\\/case-emq.mpbr.dev\\\/de\\\/evenementen\\\/#breadcrumb\"},\"inLanguage\":\"de\",\"potentialAction\":[{\"@type\":\"ReadAction\",\"target\":[\"https:\\\/\\\/case-emq.mpbr.dev\\\/de\\\/evenementen\\\/\"]}]},{\"@type\":\"BreadcrumbList\",\"@id\":\"https:\\\/\\\/case-emq.mpbr.dev\\\/de\\\/evenementen\\\/#breadcrumb\",\"itemListElement\":[{\"@type\":\"ListItem\",\"position\":1,\"name\":\"Home\",\"item\":\"https:\\\/\\\/case-emq.mpbr.dev\\\/de\\\/\"},{\"@type\":\"ListItem\",\"position\":2,\"name\":\"Ereignisse\"}]},{\"@type\":\"WebSite\",\"@id\":\"https:\\\/\\\/case-emq.mpbr.dev\\\/#website\",\"url\":\"https:\\\/\\\/case-emq.mpbr.dev\\\/\",\"name\":\"EMQ\",\"description\":\"\",\"publisher\":{\"@id\":\"https:\\\/\\\/case-emq.mpbr.dev\\\/#organization\"},\"potentialAction\":[{\"@type\":\"SearchAction\",\"target\":{\"@type\":\"EntryPoint\",\"urlTemplate\":\"https:\\\/\\\/case-emq.mpbr.dev\\\/?s={search_term_string}\"},\"query-input\":{\"@type\":\"PropertyValueSpecification\",\"valueRequired\":true,\"valueName\":\"search_term_string\"}}],\"inLanguage\":\"de\"},{\"@type\":\"Organization\",\"@id\":\"https:\\\/\\\/case-emq.mpbr.dev\\\/#organization\",\"name\":\"EMQ\",\"url\":\"https:\\\/\\\/case-emq.mpbr.dev\\\/\",\"logo\":{\"@type\":\"ImageObject\",\"inLanguage\":\"de\",\"@id\":\"https:\\\/\\\/case-emq.mpbr.dev\\\/#\\\/schema\\\/logo\\\/image\\\/\",\"url\":\"https:\\\/\\\/case-emq.mpbr.dev\\\/wp-content\\\/uploads\\\/2020\\\/09\\\/emq-logo-1.png\",\"contentUrl\":\"https:\\\/\\\/case-emq.mpbr.dev\\\/wp-content\\\/uploads\\\/2020\\\/09\\\/emq-logo-1.png\",\"width\":331,\"height\":132,\"caption\":\"EMQ\"},\"image\":{\"@id\":\"https:\\\/\\\/case-emq.mpbr.dev\\\/#\\\/schema\\\/logo\\\/image\\\/\"}}]}<\/script>\n<!-- \/ Yoast SEO plugin. -->","yoast_head_json":{"title":"Ereignisse - EMQ","robots":{"index":"noindex","follow":"follow","max-snippet":"max-snippet:-1","max-image-preview":"max-image-preview:large","max-video-preview":"max-video-preview:-1"},"og_locale":"de_DE","og_type":"article","og_title":"Ereignisse - EMQ","og_description":"[vc_row type=&#8220;full_width_background&#8220; full_screen_row_position=&#8220;middle&#8220; column_margin=&#8220;default&#8220; equal_height=&#8220;yes&#8220; column_direction=&#8220;default&#8220; column_direction_tablet=&#8220;default&#8220; column_direction_phone=&#8220;default&#8220; bg_image=&#8220;15280&#8243; bg_position=&#8220;center center&#8220; background_image_loading=&#8220;default&#8220; bg_repeat=&#8220;no-repeat&#8220; full_height=&#8220;yes&#8220; scene_position=&#8220;center&#8220; text_color=&#8220;light&#8220; text_align=&#8220;left&#8220; row_border_radius=&#8220;none&#8220; row_border_radius_applies=&#8220;bg&#8220; overflow=&#8220;visible&#8220; enable_gradient=&#8220;true&#8220; color_overlay=&#8220;#141414&#8243; overlay_strength=&#8220;0.8&#8243; gradient_direction=&#8220;left_to_right&#8220; shape_divider_position=&#8220;bottom&#8220; bg_image_animation=&#8220;none&#8220; gradient_type=&#8220;default&#8220; shape_type=&#8220;&#8220;][vc_column column_padding=&#8220;no-extra-padding&#8220; column_padding_tablet=&#8220;inherit&#8220;...","og_url":"https:\/\/case-emq.mpbr.dev\/de\/evenementen\/","og_site_name":"EMQ","article_modified_time":"2025-07-09T13:28:51+00:00","twitter_card":"summary_large_image","twitter_misc":{"Gesch\u00e4tzte Lesezeit":"3\u00a0Minuten"},"schema":{"@context":"https:\/\/schema.org","@graph":[{"@type":"WebPage","@id":"https:\/\/case-emq.mpbr.dev\/de\/evenementen\/","url":"https:\/\/case-emq.mpbr.dev\/de\/evenementen\/","name":"Ereignisse - EMQ","isPartOf":{"@id":"https:\/\/case-emq.mpbr.dev\/#website"},"datePublished":"2025-02-12T13:42:28+00:00","dateModified":"2025-07-09T13:28:51+00:00","breadcrumb":{"@id":"https:\/\/case-emq.mpbr.dev\/de\/evenementen\/#breadcrumb"},"inLanguage":"de","potentialAction":[{"@type":"ReadAction","target":["https:\/\/case-emq.mpbr.dev\/de\/evenementen\/"]}]},{"@type":"BreadcrumbList","@id":"https:\/\/case-emq.mpbr.dev\/de\/evenementen\/#breadcrumb","itemListElement":[{"@type":"ListItem","position":1,"name":"Home","item":"https:\/\/case-emq.mpbr.dev\/de\/"},{"@type":"ListItem","position":2,"name":"Ereignisse"}]},{"@type":"WebSite","@id":"https:\/\/case-emq.mpbr.dev\/#website","url":"https:\/\/case-emq.mpbr.dev\/","name":"EMQ","description":"","publisher":{"@id":"https:\/\/case-emq.mpbr.dev\/#organization"},"potentialAction":[{"@type":"SearchAction","target":{"@type":"EntryPoint","urlTemplate":"https:\/\/case-emq.mpbr.dev\/?s={search_term_string}"},"query-input":{"@type":"PropertyValueSpecification","valueRequired":true,"valueName":"search_term_string"}}],"inLanguage":"de"},{"@type":"Organization","@id":"https:\/\/case-emq.mpbr.dev\/#organization","name":"EMQ","url":"https:\/\/case-emq.mpbr.dev\/","logo":{"@type":"ImageObject","inLanguage":"de","@id":"https:\/\/case-emq.mpbr.dev\/#\/schema\/logo\/image\/","url":"https:\/\/case-emq.mpbr.dev\/wp-content\/uploads\/2020\/09\/emq-logo-1.png","contentUrl":"https:\/\/case-emq.mpbr.dev\/wp-content\/uploads\/2020\/09\/emq-logo-1.png","width":331,"height":132,"caption":"EMQ"},"image":{"@id":"https:\/\/case-emq.mpbr.dev\/#\/schema\/logo\/image\/"}}]}},"_links":{"self":[{"href":"https:\/\/case-emq.mpbr.dev\/de\/wp-json\/wp\/v2\/pages\/15912","targetHints":{"allow":["GET"]}}],"collection":[{"href":"https:\/\/case-emq.mpbr.dev\/de\/wp-json\/wp\/v2\/pages"}],"about":[{"href":"https:\/\/case-emq.mpbr.dev\/de\/wp-json\/wp\/v2\/types\/page"}],"author":[{"embeddable":true,"href":"https:\/\/case-emq.mpbr.dev\/de\/wp-json\/wp\/v2\/users\/1"}],"replies":[{"embeddable":true,"href":"https:\/\/case-emq.mpbr.dev\/de\/wp-json\/wp\/v2\/comments?post=15912"}],"version-history":[{"count":5,"href":"https:\/\/case-emq.mpbr.dev\/de\/wp-json\/wp\/v2\/pages\/15912\/revisions"}],"predecessor-version":[{"id":18160,"href":"https:\/\/case-emq.mpbr.dev\/de\/wp-json\/wp\/v2\/pages\/15912\/revisions\/18160"}],"wp:attachment":[{"href":"https:\/\/case-emq.mpbr.dev\/de\/wp-json\/wp\/v2\/media?parent=15912"}],"curies":[{"name":"wp","href":"https:\/\/api.w.org\/{rel}","templated":true}]}}